{"id":1558,"date":"2025-03-16T10:45:52","date_gmt":"2025-03-16T13:45:52","guid":{"rendered":"https:\/\/epistemeonline.com\/?post_type=product&#038;p=1558"},"modified":"2025-03-16T10:45:52","modified_gmt":"2025-03-16T13:45:52","slug":"caderno-pedagogico-06-avaliacao-na-educacao-infantil","status":"publish","type":"product","link":"https:\/\/epistemeonline.com\/index.php\/product\/caderno-pedagogico-06-avaliacao-na-educacao-infantil\/","title":{"rendered":"Caderno Pedag\u00f3gico 06: Avalia\u00e7\u00e3o na Educa\u00e7\u00e3o Infantil"},"content":{"rendered":"","protected":false},"excerpt":{"rendered":"<p>A avalia\u00e7\u00e3o na educa\u00e7\u00e3o infantil tem sido um tema amplamente debatido na literatura acad\u00eamica, considerando sua relev\u00e2ncia para o acompanhamento do desenvolvimento integral das crian\u00e7as. Diferentemente dos modelos tradicionais de avalia\u00e7\u00e3o, que se baseiam em crit\u00e9rios quantitativos, a avalia\u00e7\u00e3o na primeira inf\u00e2ncia assume um car\u00e1ter qualitativo, processual e formativo, visando compreender as m\u00faltiplas dimens\u00f5es da aprendizagem infantil. Esta revis\u00e3o de literatura busca explorar os principais referenciais te\u00f3ricos e estudos recentes sobre o tema, destacando diferentes concep\u00e7\u00f5es, metodologias e desafios.<\/p>\n","protected":false},"featured_media":1559,"template":"","meta":[],"product_brand":[45,46],"product_cat":[41,42],"product_tag":[43,44],"class_list":{"0":"post-1558","1":"product","2":"type-product","3":"status-publish","4":"has-post-thumbnail","6":"product_brand-episteme-assessoria","7":"product_brand-vanderson-aureliano","8":"product_cat-cadernos-pedagogicos","9":"product_cat-downloads","10":"product_tag-caderno-pedagogico","11":"product_tag-downloads","13":"first","14":"instock","15":"downloadable","16":"virtual","17":"purchasable","18":"product-type-simple"},"_links":{"self":[{"href":"https:\/\/epistemeonline.com\/index.php\/wp-json\/wp\/v2\/product\/1558","targetHints":{"allow":["GET"]}}],"collection":[{"href":"https:\/\/epistemeonline.com\/index.php\/wp-json\/wp\/v2\/product"}],"about":[{"href":"https:\/\/epistemeonline.com\/index.php\/wp-json\/wp\/v2\/types\/product"}],"wp:featuredmedia":[{"embeddable":true,"href":"https:\/\/epistemeonline.com\/index.php\/wp-json\/wp\/v2\/media\/1559"}],"wp:attachment":[{"href":"https:\/\/epistemeonline.com\/index.php\/wp-json\/wp\/v2\/media?parent=1558"}],"wp:term":[{"taxonomy":"product_brand","embeddable":true,"href":"https:\/\/epistemeonline.com\/index.php\/wp-json\/wp\/v2\/product_brand?post=1558"},{"taxonomy":"product_cat","embeddable":true,"href":"https:\/\/epistemeonline.com\/index.php\/wp-json\/wp\/v2\/product_cat?post=1558"},{"taxonomy":"product_tag","embeddable":true,"href":"https:\/\/epistemeonline.com\/index.php\/wp-json\/wp\/v2\/product_tag?post=1558"}],"curies":[{"name":"wp","href":"https:\/\/api.w.org\/{rel}","templated":true}]}}