{"id":1545,"date":"2025-03-15T15:04:28","date_gmt":"2025-03-15T18:04:28","guid":{"rendered":"https:\/\/epistemeonline.com\/?post_type=product&#038;p=1545"},"modified":"2025-03-16T10:48:34","modified_gmt":"2025-03-16T13:48:34","slug":"caderno-pedagogico-04-desenvolvimento-cognitivo-de-criancas-de-04-anos-de-idade","status":"publish","type":"product","link":"https:\/\/epistemeonline.com\/index.php\/product\/caderno-pedagogico-04-desenvolvimento-cognitivo-de-criancas-de-04-anos-de-idade\/","title":{"rendered":"Caderno Pedag\u00f3gico 04: Desenvolvimento cognitivo de crian\u00e7as de 04 anos de idade"},"content":{"rendered":"","protected":false},"excerpt":{"rendered":"<p>O desenvolvimento cognitivo de crian\u00e7as de 4 anos de idade \u00e9 marcado por avan\u00e7os significativos em v\u00e1rias \u00e1reas.<\/p>\n","protected":false},"featured_media":1546,"template":"","meta":[],"product_brand":[45,46],"product_cat":[41,42],"product_tag":[43,44],"class_list":{"0":"post-1545","1":"product","2":"type-product","3":"status-publish","4":"has-post-thumbnail","6":"product_brand-episteme-assessoria","7":"product_brand-vanderson-aureliano","8":"product_cat-cadernos-pedagogicos","9":"product_cat-downloads","10":"product_tag-caderno-pedagogico","11":"product_tag-downloads","13":"first","14":"instock","15":"downloadable","16":"virtual","17":"purchasable","18":"product-type-simple"},"_links":{"self":[{"href":"https:\/\/epistemeonline.com\/index.php\/wp-json\/wp\/v2\/product\/1545","targetHints":{"allow":["GET"]}}],"collection":[{"href":"https:\/\/epistemeonline.com\/index.php\/wp-json\/wp\/v2\/product"}],"about":[{"href":"https:\/\/epistemeonline.com\/index.php\/wp-json\/wp\/v2\/types\/product"}],"wp:featuredmedia":[{"embeddable":true,"href":"https:\/\/epistemeonline.com\/index.php\/wp-json\/wp\/v2\/media\/1546"}],"wp:attachment":[{"href":"https:\/\/epistemeonline.com\/index.php\/wp-json\/wp\/v2\/media?parent=1545"}],"wp:term":[{"taxonomy":"product_brand","embeddable":true,"href":"https:\/\/epistemeonline.com\/index.php\/wp-json\/wp\/v2\/product_brand?post=1545"},{"taxonomy":"product_cat","embeddable":true,"href":"https:\/\/epistemeonline.com\/index.php\/wp-json\/wp\/v2\/product_cat?post=1545"},{"taxonomy":"product_tag","embeddable":true,"href":"https:\/\/epistemeonline.com\/index.php\/wp-json\/wp\/v2\/product_tag?post=1545"}],"curies":[{"name":"wp","href":"https:\/\/api.w.org\/{rel}","templated":true}]}}