{"id":1541,"date":"2025-03-15T14:59:48","date_gmt":"2025-03-15T17:59:48","guid":{"rendered":"https:\/\/epistemeonline.com\/?post_type=product&#038;p=1541"},"modified":"2025-03-16T10:47:55","modified_gmt":"2025-03-16T13:47:55","slug":"caderno-pedagogico-03-desenvolvimento-cognitivo-de-criancas-de-03-anos-de-idade","status":"publish","type":"product","link":"https:\/\/epistemeonline.com\/index.php\/product\/caderno-pedagogico-03-desenvolvimento-cognitivo-de-criancas-de-03-anos-de-idade\/","title":{"rendered":"Caderno Pedag\u00f3gico 03: Desenvolvimento cognitivo de crian\u00e7as de 03 anos de idade"},"content":{"rendered":"","protected":false},"excerpt":{"rendered":"<p>O desenvolvimento cognitivo de crian\u00e7as de 3 anos de idade \u00e9 marcado por avan\u00e7os significativos em v\u00e1rias \u00e1reas, incluindo pensamento, linguagem, resolu\u00e7\u00e3o de problemas e compreens\u00e3o do mundo ao seu redor. Nessa fase, as crian\u00e7as est\u00e3o no est\u00e1gio pr\u00e9-operacional, segundo a teoria de Jean Piaget, e apresentam caracter\u00edsticas cognitivas espec\u00edficas.<\/p>\n","protected":false},"featured_media":1543,"template":"","meta":[],"product_brand":[45,46],"product_cat":[41,42],"product_tag":[43,44],"class_list":{"0":"post-1541","1":"product","2":"type-product","3":"status-publish","4":"has-post-thumbnail","6":"product_brand-episteme-assessoria","7":"product_brand-vanderson-aureliano","8":"product_cat-cadernos-pedagogicos","9":"product_cat-downloads","10":"product_tag-caderno-pedagogico","11":"product_tag-downloads","13":"first","14":"instock","15":"downloadable","16":"virtual","17":"purchasable","18":"product-type-simple"},"_links":{"self":[{"href":"https:\/\/epistemeonline.com\/index.php\/wp-json\/wp\/v2\/product\/1541","targetHints":{"allow":["GET"]}}],"collection":[{"href":"https:\/\/epistemeonline.com\/index.php\/wp-json\/wp\/v2\/product"}],"about":[{"href":"https:\/\/epistemeonline.com\/index.php\/wp-json\/wp\/v2\/types\/product"}],"wp:featuredmedia":[{"embeddable":true,"href":"https:\/\/epistemeonline.com\/index.php\/wp-json\/wp\/v2\/media\/1543"}],"wp:attachment":[{"href":"https:\/\/epistemeonline.com\/index.php\/wp-json\/wp\/v2\/media?parent=1541"}],"wp:term":[{"taxonomy":"product_brand","embeddable":true,"href":"https:\/\/epistemeonline.com\/index.php\/wp-json\/wp\/v2\/product_brand?post=1541"},{"taxonomy":"product_cat","embeddable":true,"href":"https:\/\/epistemeonline.com\/index.php\/wp-json\/wp\/v2\/product_cat?post=1541"},{"taxonomy":"product_tag","embeddable":true,"href":"https:\/\/epistemeonline.com\/index.php\/wp-json\/wp\/v2\/product_tag?post=1541"}],"curies":[{"name":"wp","href":"https:\/\/api.w.org\/{rel}","templated":true}]}}