{"id":1535,"date":"2025-03-15T14:52:23","date_gmt":"2025-03-15T17:52:23","guid":{"rendered":"https:\/\/epistemeonline.com\/?post_type=product&#038;p=1535"},"modified":"2025-03-16T10:46:28","modified_gmt":"2025-03-16T13:46:28","slug":"caderno-pedagogico-01-desenvolvimento-cognitivo-de-criancas-de-ate-01-ano-de-idade","status":"publish","type":"product","link":"https:\/\/epistemeonline.com\/index.php\/product\/caderno-pedagogico-01-desenvolvimento-cognitivo-de-criancas-de-ate-01-ano-de-idade\/","title":{"rendered":"Caderno Pedag\u00f3gico 01: Desenvolvimento cognitivo de crian\u00e7as de at\u00e9 01 ano de idade"},"content":{"rendered":"","protected":false},"excerpt":{"rendered":"<p>O desenvolvimento cognitivo de crian\u00e7as de 0 a 1 ano de idade \u00e9 marcado por uma s\u00e9rie de avan\u00e7os significativos. Durante esse per\u00edodo, os beb\u00eas passam por mudan\u00e7as r\u00e1pidas e importantes em sua capacidade de perceber, processar e interagir com o mundo ao seu redor.<\/p>\n","protected":false},"featured_media":1537,"template":"","meta":[],"product_brand":[45,46],"product_cat":[41,42],"product_tag":[43,44],"class_list":{"0":"post-1535","1":"product","2":"type-product","3":"status-publish","4":"has-post-thumbnail","6":"product_brand-episteme-assessoria","7":"product_brand-vanderson-aureliano","8":"product_cat-cadernos-pedagogicos","9":"product_cat-downloads","10":"product_tag-caderno-pedagogico","11":"product_tag-downloads","13":"first","14":"instock","15":"downloadable","16":"virtual","17":"purchasable","18":"product-type-simple"},"_links":{"self":[{"href":"https:\/\/epistemeonline.com\/index.php\/wp-json\/wp\/v2\/product\/1535","targetHints":{"allow":["GET"]}}],"collection":[{"href":"https:\/\/epistemeonline.com\/index.php\/wp-json\/wp\/v2\/product"}],"about":[{"href":"https:\/\/epistemeonline.com\/index.php\/wp-json\/wp\/v2\/types\/product"}],"wp:featuredmedia":[{"embeddable":true,"href":"https:\/\/epistemeonline.com\/index.php\/wp-json\/wp\/v2\/media\/1537"}],"wp:attachment":[{"href":"https:\/\/epistemeonline.com\/index.php\/wp-json\/wp\/v2\/media?parent=1535"}],"wp:term":[{"taxonomy":"product_brand","embeddable":true,"href":"https:\/\/epistemeonline.com\/index.php\/wp-json\/wp\/v2\/product_brand?post=1535"},{"taxonomy":"product_cat","embeddable":true,"href":"https:\/\/epistemeonline.com\/index.php\/wp-json\/wp\/v2\/product_cat?post=1535"},{"taxonomy":"product_tag","embeddable":true,"href":"https:\/\/epistemeonline.com\/index.php\/wp-json\/wp\/v2\/product_tag?post=1535"}],"curies":[{"name":"wp","href":"https:\/\/api.w.org\/{rel}","templated":true}]}}