{"id":1679,"date":"2025-04-16T13:05:21","date_gmt":"2025-04-16T16:05:21","guid":{"rendered":"https:\/\/epistemeonline.com\/?page_id=1679"},"modified":"2025-04-16T13:06:18","modified_gmt":"2025-04-16T16:06:18","slug":"assinatura-eletronica-episteme-consultoria","status":"publish","type":"page","link":"https:\/\/epistemeonline.com\/index.php\/assinatura-eletronica-episteme-consultoria\/","title":{"rendered":"ASSINATURA ELETR\u00d4NICA &#8211; EPISTEME CONSULTORIA"},"content":{"rendered":"\n<p><strong>DOCUMENTO ASSINADO ELETRONICAMENTE POR:<\/strong><\/p>\n\n\n\n<p><strong>*LUIZ CARLOS OLIVEIRA<\/strong> | EPISTEME CONSULTORIA<br><strong>*LUSINEIDE AFONSO DE ALMEIDA<\/strong> | COL\u00c9GIO SANTA ESMERALDA<\/p>\n\n\n\n<p>Autentica\u00e7\u00e3o Eletr\u00f4nica n\u00ba: 20250416.1252AL<\/p>\n\n\n\n<p><strong>OBSERVA\u00c7\u00c3O: <\/strong>Este documento faz parte de um lote, que compreende os certificados abaixo discriminados:<\/p>\n\n\n\n<p>Joseane de Fatima Santos Alves<br>Josicleide Feitosa de Oliveira<br>Maria Clara Agostinho da Silva<br>\u00c9rika da Silva<br>Maria Suely Silva Torres<br>Mayra Feital<br>Larissa Paula da Silva Farias<br>Jussara Maria dos Santos<br>Adna Carla<br>Maria Leticya Nunes Magalh\u00e3es<br>Ana Paula Sim\u00f5es Pereira<br>Janayna<br>Maria Suely Silva Torres<br>Ejilanda de Souza Santos<br>Giglianny Rodrigues de Lima<\/p>\n","protected":false},"excerpt":{"rendered":"<p>DOCUMENTO ASSINADO ELETRONICAMENTE POR: *LUIZ CARLOS OLIVEIRA | EPISTEME CONSULTORIA*LUSINEIDE AFONSO DE ALMEIDA | COL\u00c9GIO SANTA ESMERALDA Autentica\u00e7\u00e3o Eletr\u00f4nica n\u00ba: 20250416.1252AL OBSERVA\u00c7\u00c3O: Este documento faz parte de um lote, que compreende os certificados abaixo discriminados: Joseane de Fatima Santos AlvesJosicleide Feitosa de OliveiraMaria Clara Agostinho da Silva\u00c9rika da SilvaMaria Suely Silva TorresMayra FeitalLarissa Paula da Silva FariasJussara Maria dos SantosAdna CarlaMaria Leticya Nunes Magalh\u00e3esAna Paula Sim\u00f5es PereiraJanaynaMaria Suely Silva TorresEjilanda de Souza SantosGiglianny Rodrigues de Lima<\/p>\n","protected":false},"author":1,"featured_media":0,"parent":0,"menu_order":0,"comment_status":"closed","ping_status":"closed","template":"","meta":{"footnotes":""},"class_list":["post-1679","page","type-page","status-publish","hentry"],"_links":{"self":[{"href":"https:\/\/epistemeonline.com\/index.php\/wp-json\/wp\/v2\/pages\/1679","targetHints":{"allow":["GET"]}}],"collection":[{"href":"https:\/\/epistemeonline.com\/index.php\/wp-json\/wp\/v2\/pages"}],"about":[{"href":"https:\/\/epistemeonline.com\/index.php\/wp-json\/wp\/v2\/types\/page"}],"author":[{"embeddable":true,"href":"https:\/\/epistemeonline.com\/index.php\/wp-json\/wp\/v2\/users\/1"}],"replies":[{"embeddable":true,"href":"https:\/\/epistemeonline.com\/index.php\/wp-json\/wp\/v2\/comments?post=1679"}],"version-history":[{"count":2,"href":"https:\/\/epistemeonline.com\/index.php\/wp-json\/wp\/v2\/pages\/1679\/revisions"}],"predecessor-version":[{"id":1681,"href":"https:\/\/epistemeonline.com\/index.php\/wp-json\/wp\/v2\/pages\/1679\/revisions\/1681"}],"wp:attachment":[{"href":"https:\/\/epistemeonline.com\/index.php\/wp-json\/wp\/v2\/media?parent=1679"}],"curies":[{"name":"wp","href":"https:\/\/api.w.org\/{rel}","templated":true}]}}